
{"id":135,"date":"2015-02-03T20:48:10","date_gmt":"2015-02-03T20:48:10","guid":{"rendered":"http:\/\/new.hotel-oxo.com\/?page_id=135"},"modified":"2017-11-10T15:50:04","modified_gmt":"2017-11-10T15:50:04","slug":"camas","status":"publish","type":"page","link":"https:\/\/www.hotel-oxo.com\/es\/camas\/","title":{"rendered":"Camas"},"content":{"rendered":"<div class=\"wpb-content-wrapper\"><p>[vc_row][vc_column][vc_column_text]<\/p>\n<p class=\"align-justify\"><b>En un lugar donde el oc\u00e9ano coquetea con el ox\u00edgeno de las monta\u00f1as, el hotel OXO le da la bienvenida&#8230;<\/b><\/p>\n<p class=\"align-justify\" style=\"text-align: justify;\">Situado en el centro de Biarritz, frente a la mediateca, apenas a unos pasos podr\u00e1 disfrutar de las playas y el casino, as\u00ed como de los comercios y restaurantes de la ciudad. Un punto de partida ideal para descubrir el pa\u00eds Vasco, sus pintorescos pueblos y sus prestigiosos campos de golf.<\/p>\n<p>[\/vc_column_text][\/vc_column][\/vc_row][vc_row][vc_column][vc_gallery type=\u00bbimage_grid\u00bb images=\u00bb116,114,115,112,113,110,111,109,107,108,106&#8243;][\/vc_column][\/vc_row]<\/p>\n<\/div>","protected":false},"excerpt":{"rendered":"<p>[vc_row][vc_column][vc_column_text] En un lugar donde el oc\u00e9ano coquetea con el ox\u00edgeno de las monta\u00f1as, el hotel OXO le da la bienvenida&#8230; Situado en el centro de Biarritz, frente a la mediateca, apenas a unos pasos podr\u00e1 disfrutar de las playas y el casino, as\u00ed como de los comercios y restaurantes de la ciudad. Un punto [&hellip;]<\/p>\n","protected":false},"author":1,"featured_media":0,"parent":0,"menu_order":0,"comment_status":"closed","ping_status":"open","template":"","meta":{"footnotes":""},"class_list":["post-135","page","type-page","status-publish","hentry"],"_links":{"self":[{"href":"https:\/\/www.hotel-oxo.com\/es\/wp-json\/wp\/v2\/pages\/135","targetHints":{"allow":["GET"]}}],"collection":[{"href":"https:\/\/www.hotel-oxo.com\/es\/wp-json\/wp\/v2\/pages"}],"about":[{"href":"https:\/\/www.hotel-oxo.com\/es\/wp-json\/wp\/v2\/types\/page"}],"author":[{"embeddable":true,"href":"https:\/\/www.hotel-oxo.com\/es\/wp-json\/wp\/v2\/users\/1"}],"replies":[{"embeddable":true,"href":"https:\/\/www.hotel-oxo.com\/es\/wp-json\/wp\/v2\/comments?post=135"}],"version-history":[{"count":4,"href":"https:\/\/www.hotel-oxo.com\/es\/wp-json\/wp\/v2\/pages\/135\/revisions"}],"predecessor-version":[{"id":610,"href":"https:\/\/www.hotel-oxo.com\/es\/wp-json\/wp\/v2\/pages\/135\/revisions\/610"}],"wp:attachment":[{"href":"https:\/\/www.hotel-oxo.com\/es\/wp-json\/wp\/v2\/media?parent=135"}],"curies":[{"name":"wp","href":"https:\/\/api.w.org\/{rel}","templated":true}]}}