
{"id":378,"date":"2015-05-21T12:48:57","date_gmt":"2015-05-21T12:48:57","guid":{"rendered":"http:\/\/www.hotel-oxo.com\/?page_id=378"},"modified":"2015-05-21T12:48:57","modified_gmt":"2015-05-21T12:48:57","slug":"libro-de-oro","status":"publish","type":"page","link":"https:\/\/www.hotel-oxo.com\/es\/libro-de-oro\/","title":{"rendered":"Libro de Oro"},"content":{"rendered":"<div class=\"wpb-content-wrapper\"><p>[vc_row][vc_column width=\u00bb1\/1&#8243;][vc_column_text]<div class=\"gwolle-gb\"><div class=\"gwolle_gb_messages_top_container\"><\/div>\n\t\t\t<div class=\"gwolle-gb-write-button\">\n\t\t\t\t<input type=\"button\" name=\"gwolle-gb-write-button\" class=\"button btn btn-default \" value=\"Write a new entry.\" \/>\n\t\t\t<\/div>\n\t\t\t<form action=\"#\" method=\"POST\" class=\"gwolle-gb-write gwolle-gb-hide gwolle-gb-float gwolle_gb_form_ajax gwolle-gb-form-ajax gwolle-gb-ajax gwolle-gb-not-logged-in\">\n\t\t\t\t<h3>Merci de laisser un message<\/h3>\n\t\t\t\t<button type=\"button\" class=\"gb-notice-dismiss\">x<span class=\"screen-reader-text\">Hide this form.<\/span><\/button>\n\t\t\t\n\t\t\t\t<input type=\"hidden\" name=\"gwolle_gb_function\" class=\"gwolle_gb_function\" value=\"add_entry\" \/><input type=\"hidden\" name=\"gwolle_gb_book_id\" class=\"gwolle_gb_book_id\" value=\"1\" \/><div class=\"gwolle_gb_9f73ab6f3be875f40e87b0dfa0993281\">\n\t\t\t\t<div class=\"label\"><label for=\"gwolle_gb_9f73ab6f3be875f40e87b0dfa0993281-1\" class=\"text-info\">Name <span class=\"required\">*<\/span><\/label><\/div>\n\t\t\t\t<div class=\"input\"><input class=\"wp-exclude-emoji gwolle_gb_9f73ab6f3be875f40e87b0dfa0993281\" value=\"\" type=\"text\" id=\"gwolle_gb_9f73ab6f3be875f40e87b0dfa0993281-1\" name=\"gwolle_gb_9f73ab6f3be875f40e87b0dfa0993281\" required \/><\/div>\n\t\t\t\t<div class=\"clearBoth\">&nbsp;<\/div>\n\t\t\t<\/div><div class=\"gwolle_gb_f91357ac038ee5cf8be597b5ee9b4aca\">\n\t\t\t\t\t<div class=\"label\"><label for=\"gwolle_gb_f91357ac038ee5cf8be597b5ee9b4aca-1\" class=\"text-info\">City<\/label><\/div>\n\t\t\t\t\t<div class=\"input\"><input class=\"wp-exclude-emoji gwolle_gb_f91357ac038ee5cf8be597b5ee9b4aca\" value=\"\" type=\"text\" id=\"gwolle_gb_f91357ac038ee5cf8be597b5ee9b4aca-1\" name=\"gwolle_gb_f91357ac038ee5cf8be597b5ee9b4aca\" \/><\/div>\n\t\t\t\t\t<div class=\"clearBoth\">&nbsp;<\/div>\n\t\t\t\t<\/div><div class=\"gwolle_gb_baad75cba1a62c574e54ae77d11b7f58\">\n\t\t\t\t<div class=\"label\"><label for=\"gwolle_gb_baad75cba1a62c574e54ae77d11b7f58-1\" class=\"text-info\">Email <span class=\"required\">*<\/span><\/label><\/div>\n\t\t\t\t<div class=\"input\"><input class=\"gwolle_gb_baad75cba1a62c574e54ae77d11b7f58\" value=\"\" type=\"email\" id=\"gwolle_gb_baad75cba1a62c574e54ae77d11b7f58-1\" name=\"gwolle_gb_baad75cba1a62c574e54ae77d11b7f58\" required \/><\/div>\n\t\t\t\t<div class=\"clearBoth\">&nbsp;<\/div>\n\t\t\t<\/div><div class=\"gwolle_gb_50c79011cd855bd5c600789cfcbea4ef\">\n\t\t\t\t<div class=\"label\"><label for=\"gwolle_gb_50c79011cd855bd5c600789cfcbea4ef-1\" class=\"text-info\">Website<\/label><\/div>\n\t\t\t\t<div class=\"input\"><input class=\"gwolle_gb_50c79011cd855bd5c600789cfcbea4ef\" value=\"\" type=\"url\" id=\"gwolle_gb_50c79011cd855bd5c600789cfcbea4ef-1\" name=\"gwolle_gb_50c79011cd855bd5c600789cfcbea4ef\" \/><\/div>\n\t\t\t\t<div class=\"clearBoth\">&nbsp;<\/div>\n\t\t\t<\/div>\n\t\t\t<div class=\"gwolle_gb_fa201496abdf4be95e0d225ac759a200\" style=\"display:none;overflow:hidden;\" hidden=\"true\" aria-hidden=\"true\">\n\t\t\t\t<div class=\"label\">\n\t\t\t\t\t<label for=\"gwolle_gb_fa201496abdf4be95e0d225ac759a200-1\" class=\"text-primary\">Do not touch this<\/label>\n\t\t\t\t\t<label for=\"gwolle_gb_6ec24ffb36c3e08c926ccceff61eea1a-1\" class=\"text-primary\">Do not touch this<\/label>\n\t\t\t\t<\/div>\n\t\t\t\t<div class=\"input\">\n\t\t\t\t\t<input value=\"19\" type=\"text\" id=\"gwolle_gb_fa201496abdf4be95e0d225ac759a200-1\" name=\"gwolle_gb_fa201496abdf4be95e0d225ac759a200\" class=\"gwolle_gb_fa201496abdf4be95e0d225ac759a200\" style=\"transform: translateY(10000px);\" \/>\n\t\t\t\t\t<input value=\"\" type=\"text\" name=\"gwolle_gb_6ec24ffb36c3e08c926ccceff61eea1a\" id=\"gwolle_gb_6ec24ffb36c3e08c926ccceff61eea1a-1\" class=\"gwolle_gb_6ec24ffb36c3e08c926ccceff61eea1a\" style=\"transform: translateY(10000px);\" \/>\n\t\t\t\t<\/div>\n\t\t\t\t<div class=\"clearBoth\"><\/div>\n\t\t\t<\/div>\n\t\t\t<div class=\"gwolle_gb_c664867e0f78af6322e4a885a13bba6d\" style=\"display:none;overflow:hidden;\" hidden=\"true\" aria-hidden=\"true\">\n\t\t\t\t<div class=\"label\">\n\t\t\t\t\t<label for=\"gwolle_gb_c664867e0f78af6322e4a885a13bba6d-1\" class=\"text-primary\">Do not touch this<\/label>\n\t\t\t\t\t<label for=\"gwolle_gb_52f980c561541c9427d8f41e0214dcd5-1\" class=\"text-primary\">Do not touch this<\/label>\n\t\t\t\t<\/div>\n\t\t\t\t<div class=\"input\">\n\t\t\t\t\t<input value=\"18289\" type=\"text\" id=\"gwolle_gb_c664867e0f78af6322e4a885a13bba6d-1\" name=\"gwolle_gb_c664867e0f78af6322e4a885a13bba6d\" class=\"gwolle_gb_c664867e0f78af6322e4a885a13bba6d\" style=\"transform: translateY(10000px);\" \/>\n\t\t\t\t\t<input value=\"18289\" type=\"text\"id=\"gwolle_gb_52f980c561541c9427d8f41e0214dcd5-1\" name=\"gwolle_gb_52f980c561541c9427d8f41e0214dcd5\" class=\"gwolle_gb_52f980c561541c9427d8f41e0214dcd5\" style=\"transform: translateY(10000px);\" \/>\n\t\t\t\t<\/div>\n\t\t\t\t<div class=\"clearBoth\"><\/div>\n\t\t\t<\/div><div class=\"gwolle_gb_content\">\n\t\t\t\t<div class=\"label\"><label for=\"gwolle_gb_content-1\" class=\"text-info\">Guestbook entry <span class=\"required\">*<\/span><\/label><\/div>\n\t\t\t\t<div class=\"input\"><textarea id=\"gwolle_gb_content-1\" name=\"gwolle_gb_content\" class=\"gwolle_gb_content wp-exclude-emoji\" required ><\/textarea><\/div>\n\t\t\t\t\t<div class=\"clearBoth\">&nbsp;<\/div>\n\t\t\t\t<\/div><input type=\"hidden\" class=\"gwolle_gb_261d1af0d5dea3292984cd81983af999\" id=\"gwolle_gb_261d1af0d5dea3292984cd81983af999-1\" name=\"gwolle_gb_261d1af0d5dea3292984cd81983af999\" value=\"6a30ff7d3d\" \/>\n\t\t\t<div class=\"gwolle_gb_messages_bottom_container\"><\/div>\n\n\t\t\t<noscript><div class=\"no-js\">Warning: This form can only be used if JavaScript is enabled in your browser.<\/div><\/noscript>\n\n\t\t\t<div class=\"gwolle_gb_submit\">\n\t\t\t\t<div class=\"label gwolle-gb-invisible text-muted\">&nbsp;<\/div>\n\t\t\t\t<div class=\"input\">\n\t\t\t\t\t<input type=\"submit\" name=\"gwolle_gb_submit\" class=\"gwolle_gb_submit button btn btn-primary \" value=\"Submit\" \/>\n\t\t\t\t\t<span class=\"gwolle_gb_submit_ajax_icon\"><\/span>\n\t\t\t\n\t\t\t\t<\/div>\n\t\t\t\t<div class=\"clearBoth\">&nbsp;<\/div>\n\t\t\t<\/div>\n\n\t\t\t<div class=\"gwolle_gb_notice\">\n\t\t\t\tLes champs maqu\u00e9s avec * sont obligatoires.<br \/>\r\nVotre adresse e-mail ne sera pas publi\u00e9e.<br \/>\r\nPour des raisons de s\u00e9curit\u00e9, nous sauvegardons votre adresse IP 216.73.217.119.<br \/>\r\nIl se pourrait que votre message ne soit visible dans le livre d&#092;&#039;or qu&#092;&#039;apr\u00e8s que nous l&#092;&#039;ayons examin\u00e9.<br \/>\r\nNous nous r\u00e9servons le droit d&#092;&#039;\u00e9diter, de supprimer, ou de ne pas publier les messages.\n\t\t\t<\/div><\/form><div class=\"gwolle-gb-read gwolle-gb-ajax gwolle-gb-entries-list\" data-book_id=\"1\" data-page_id=\"1\">\n\t\t<div id=\"gwolle-gb-total\" class=\"gwolle-gb-total\">9 entries.<\/div><!-- Gwolle-GB Entry: Default Template Loaded -->\n\t\t\t\t<div class=\"gb-entry gb-entry_10 gb-entry-count_1 gwolle_gb_uneven gwolle-gb-uneven gwolle-gb-first\" data-entry_id=\"10\">\n\t\t\t\t<article>\n\t\t\t\t\t<div class=\"gb-author-info\">\n\t\t\t\t\t\t<span class=\"gb-author-avatar\"><img referrerpolicy=\"no-referrer\" alt='Linda' src='https:\/\/secure.gravatar.com\/avatar\/fdd555f49bd4e9fb44cd7a68c34f9f110f91370f888607ccbfd8ebbe3c9b3431?s=32&#038;d=mm&#038;r=g' srcset='https:\/\/secure.gravatar.com\/avatar\/fdd555f49bd4e9fb44cd7a68c34f9f110f91370f888607ccbfd8ebbe3c9b3431?s=64&#038;d=mm&#038;r=g 2x' class='avatar avatar-32 photo' height='32' width='32' \/><\/span>\n\t\t\t\t\t\t<span class=\"gb-author-name\"><a href=\"http:\/\/fitness-wroclaw.bloog.pl\/\" target=\"_blank\" rel=\"nofollow noopener noreferrer\"\n\t\t\t\t\t\t\ttitle=\"Visit the website of Linda: http:\/\/fitness-wroclaw.bloog.pl\/\">Linda<\/a>\n\t\t\t\t\t\t<\/span>\n\t\t\t\t\t\t<span class=\"gb-author-origin\">\n\t\t\t\t\t\t\t<span class=\"gb-author-origin-from-text\"> from<\/span>\n\t\t\t\t\t\t\t<span class=\"gb-author-origin-text\"> London<\/span>\n\t\t\t\t\t\t<\/span>\n\t\t\t\t\t\t<span class=\"gb-datetime\">\n\t\t\t\t\t\t\t<span class=\"gb-date\"><span class=\"gb-date-wrote-text\"> wrote on<\/span><span class=\"gb-date-text\"> 21 agosto 2017<\/span>\n\t\t\t\t\t\t\t<\/span><span class=\"gb-time\">\n\t\t\t\t\t\t\t\t\t<span class=\"gb-time-at-text\"> at<\/span>\n\t\t\t\t\t\t\t\t\t<span class=\"gb-time-text\"> 8 h 09 min<\/span>\n\t\t\t\t\t\t\t\t<\/span>\n\t\t\t\t\t\t<\/span> \n\t\t\t\t\t<\/div>\n\t\t\t\t\t<div class=\"gb-entry-content\">The hotel is a very nice and pacefull pleace \ud83d\ude42 It was a pleasure to stay there \ud83d\ude42\n\t\t\t\t\t<\/div>\n\t\t\t\t<\/article>\n\t\t\t<\/div>\n\t\t\t<div class=\"gb-entry gb-entry_9 gb-entry-count_2 gwolle_gb_even gwolle-gb-even\" data-entry_id=\"9\">\n\t\t\t\t<article>\n\t\t\t\t\t<div class=\"gb-author-info\">\n\t\t\t\t\t\t<span class=\"gb-author-avatar\"><img referrerpolicy=\"no-referrer\" alt='Serrurier Montpellier' src='https:\/\/secure.gravatar.com\/avatar\/8920823919eef01c66f01449c3ff32c4d7963aa0ce947d7c235739a3077d4534?s=32&#038;d=mm&#038;r=g' srcset='https:\/\/secure.gravatar.com\/avatar\/8920823919eef01c66f01449c3ff32c4d7963aa0ce947d7c235739a3077d4534?s=64&#038;d=mm&#038;r=g 2x' class='avatar avatar-32 photo' height='32' width='32' \/><\/span>\n\t\t\t\t\t\t<span class=\"gb-author-name\"><a href=\"http:\/\/serrurier-montpellier-express.fr\/\" target=\"_blank\" rel=\"nofollow noopener noreferrer\"\n\t\t\t\t\t\t\ttitle=\"Visit the website of Serrurier Montpellier: http:\/\/serrurier-montpellier-express.fr\/\">Serrurier Montpellier<\/a>\n\t\t\t\t\t\t<\/span>\n\t\t\t\t\t\t<span class=\"gb-author-origin\">\n\t\t\t\t\t\t\t<span class=\"gb-author-origin-from-text\"> from<\/span>\n\t\t\t\t\t\t\t<span class=\"gb-author-origin-text\"> Montpellier<\/span>\n\t\t\t\t\t\t<\/span>\n\t\t\t\t\t\t<span class=\"gb-datetime\">\n\t\t\t\t\t\t\t<span class=\"gb-date\"><span class=\"gb-date-wrote-text\"> wrote on<\/span><span class=\"gb-date-text\"> 13 noviembre 2016<\/span>\n\t\t\t\t\t\t\t<\/span><span class=\"gb-time\">\n\t\t\t\t\t\t\t\t\t<span class=\"gb-time-at-text\"> at<\/span>\n\t\t\t\t\t\t\t\t\t<span class=\"gb-time-text\"> 19 h 06 min<\/span>\n\t\t\t\t\t\t\t\t<\/span>\n\t\t\t\t\t\t<\/span> \n\t\t\t\t\t<\/div>\n\t\t\t\t\t<div class=\"gb-entry-content\">Nous nous \u00e9tions rendus entre coll\u00e8gues artisans de toute la r\u00e9gion pour week-end d&#039;affaire. Nous avons \u00e9t\u00e9 \u00e0 l&#039;unanimit\u00e9 satisfait des services qu&#039;offrent l&#039;h\u00f4tel Oxo.\r\n\r\nNous le conseillons vraiment \u00e0 tout le monde !\n\t\t\t\t\t<\/div>\n\t\t\t\t<\/article>\n\t\t\t<\/div>\n\t\t\t<div class=\"gb-entry gb-entry_8 gb-entry-count_3 gwolle_gb_uneven gwolle-gb-uneven\" data-entry_id=\"8\">\n\t\t\t\t<article>\n\t\t\t\t\t<div class=\"gb-author-info\">\n\t\t\t\t\t\t<span class=\"gb-author-avatar\"><img referrerpolicy=\"no-referrer\" alt='CAROLINE LEFEBVRE' src='https:\/\/secure.gravatar.com\/avatar\/8035aef596f81f083e1ab86a822cc88c6d19cc62d81d75bd20ffbd8db5965123?s=32&#038;d=mm&#038;r=g' srcset='https:\/\/secure.gravatar.com\/avatar\/8035aef596f81f083e1ab86a822cc88c6d19cc62d81d75bd20ffbd8db5965123?s=64&#038;d=mm&#038;r=g 2x' class='avatar avatar-32 photo' height='32' width='32' \/><\/span>\n\t\t\t\t\t\t<span class=\"gb-author-name\">CAROLINE LEFEBVRE\n\t\t\t\t\t\t<\/span>\n\t\t\t\t\t\t<span class=\"gb-author-origin\">\n\t\t\t\t\t\t\t<span class=\"gb-author-origin-from-text\"> from<\/span>\n\t\t\t\t\t\t\t<span class=\"gb-author-origin-text\"> ANTIBES<\/span>\n\t\t\t\t\t\t<\/span>\n\t\t\t\t\t\t<span class=\"gb-datetime\">\n\t\t\t\t\t\t\t<span class=\"gb-date\"><span class=\"gb-date-wrote-text\"> wrote on<\/span><span class=\"gb-date-text\"> 16 julio 2016<\/span>\n\t\t\t\t\t\t\t<\/span><span class=\"gb-time\">\n\t\t\t\t\t\t\t\t\t<span class=\"gb-time-at-text\"> at<\/span>\n\t\t\t\t\t\t\t\t\t<span class=\"gb-time-text\"> 21 h 14 min<\/span>\n\t\t\t\t\t\t\t\t<\/span>\n\t\t\t\t\t\t<\/span> \n\t\t\t\t\t<\/div>\n\t\t\t\t\t<div class=\"gb-entry-content\">Merci pour ce super s\u00e9jour !\r\nL&#039;accueil, la bienveillance et les bons conseils du r\u00e9ceptionniste!\r\nUn grand merci au patron , car j&#039;ai du annuler ma derni\u00e8re nuit pour raison de sant\u00e9 et il a eu un geste plus que commercial car je n&#039;ai pas r\u00e9gl\u00e9 la derni\u00e8re nuit .\r\nUn h\u00f4tel tr\u00e8s sympa propre \u00e0 taille humaine !\n\t\t\t\t\t<\/div>\n\t\t\t\t<\/article>\n\t\t\t<\/div>\n\t\t\t<div class=\"gb-entry gb-entry_7 gb-entry-count_4 gwolle_gb_even gwolle-gb-even\" data-entry_id=\"7\">\n\t\t\t\t<article>\n\t\t\t\t\t<div class=\"gb-author-info\">\n\t\t\t\t\t\t<span class=\"gb-author-avatar\"><img referrerpolicy=\"no-referrer\" alt='Jules' src='https:\/\/secure.gravatar.com\/avatar\/b1e492216ea6bc8ad760c350f985f3a3d8af5f6dd63e8ff09573693fa2b5f120?s=32&#038;d=mm&#038;r=g' srcset='https:\/\/secure.gravatar.com\/avatar\/b1e492216ea6bc8ad760c350f985f3a3d8af5f6dd63e8ff09573693fa2b5f120?s=64&#038;d=mm&#038;r=g 2x' class='avatar avatar-32 photo' height='32' width='32' \/><\/span>\n\t\t\t\t\t\t<span class=\"gb-author-name\"><a href=\"http:\/\/style-immobilier.fr\/\" target=\"_blank\" rel=\"nofollow noopener noreferrer\"\n\t\t\t\t\t\t\ttitle=\"Visit the website of Jules: http:\/\/style-immobilier.fr\/\">Jules<\/a>\n\t\t\t\t\t\t<\/span>\n\t\t\t\t\t\t<span class=\"gb-author-origin\">\n\t\t\t\t\t\t\t<span class=\"gb-author-origin-from-text\"> from<\/span>\n\t\t\t\t\t\t\t<span class=\"gb-author-origin-text\"> Marseillan<\/span>\n\t\t\t\t\t\t<\/span>\n\t\t\t\t\t\t<span class=\"gb-datetime\">\n\t\t\t\t\t\t\t<span class=\"gb-date\"><span class=\"gb-date-wrote-text\"> wrote on<\/span><span class=\"gb-date-text\"> 7 mayo 2016<\/span>\n\t\t\t\t\t\t\t<\/span><span class=\"gb-time\">\n\t\t\t\t\t\t\t\t\t<span class=\"gb-time-at-text\"> at<\/span>\n\t\t\t\t\t\t\t\t\t<span class=\"gb-time-text\"> 12 h 02 min<\/span>\n\t\t\t\t\t\t\t\t<\/span>\n\t\t\t\t\t\t<\/span> \n\t\t\t\t\t<\/div>\n\t\t\t\t\t<div class=\"gb-entry-content\">Merci pour la qualit\u00e9 de vos prestations, s\u00e9jour juste au top !\n\t\t\t\t\t<\/div>\n\t\t\t\t<\/article>\n\t\t\t<\/div>\n\t\t\t<div class=\"gb-entry gb-entry_6 gb-entry-count_5 gwolle_gb_uneven gwolle-gb-uneven\" data-entry_id=\"6\">\n\t\t\t\t<article>\n\t\t\t\t\t<div class=\"gb-author-info\">\n\t\t\t\t\t\t<span class=\"gb-author-avatar\"><img referrerpolicy=\"no-referrer\" alt='Vidal Immobilier' src='https:\/\/secure.gravatar.com\/avatar\/86048b1466892879b1ca833b2d1d0e2d0d8d7b5b5fd5fa63a12e4bcbedd5edc3?s=32&#038;d=mm&#038;r=g' srcset='https:\/\/secure.gravatar.com\/avatar\/86048b1466892879b1ca833b2d1d0e2d0d8d7b5b5fd5fa63a12e4bcbedd5edc3?s=64&#038;d=mm&#038;r=g 2x' class='avatar avatar-32 photo' height='32' width='32' \/><\/span>\n\t\t\t\t\t\t<span class=\"gb-author-name\"><a href=\"http:\/\/style-immobilier.fr\" target=\"_blank\" rel=\"nofollow noopener noreferrer\"\n\t\t\t\t\t\t\ttitle=\"Visit the website of Vidal Immobilier: http:\/\/style-immobilier.fr\">Vidal Immobilier<\/a>\n\t\t\t\t\t\t<\/span>\n\t\t\t\t\t\t<span class=\"gb-author-origin\">\n\t\t\t\t\t\t\t<span class=\"gb-author-origin-from-text\"> from<\/span>\n\t\t\t\t\t\t\t<span class=\"gb-author-origin-text\"> Marseillan<\/span>\n\t\t\t\t\t\t<\/span>\n\t\t\t\t\t\t<span class=\"gb-datetime\">\n\t\t\t\t\t\t\t<span class=\"gb-date\"><span class=\"gb-date-wrote-text\"> wrote on<\/span><span class=\"gb-date-text\"> 3 mayo 2016<\/span>\n\t\t\t\t\t\t\t<\/span><span class=\"gb-time\">\n\t\t\t\t\t\t\t\t\t<span class=\"gb-time-at-text\"> at<\/span>\n\t\t\t\t\t\t\t\t\t<span class=\"gb-time-text\"> 6 h 37 min<\/span>\n\t\t\t\t\t\t\t\t<\/span>\n\t\t\t\t\t\t<\/span> \n\t\t\t\t\t<\/div>\n\t\t\t\t\t<div class=\"gb-entry-content\">Pendant un s\u00e9jour d&#039;affaire, nous sommes all\u00e9s \u00e0 l&#039;hotel Oxo et nous avons \u00e9t\u00e9 tr\u00e8s bien accueilli, et par ailleurs, c&#039;est tr\u00e8s bel \u00e9tablissement bien situ\u00e9\n\t\t\t\t\t<\/div>\n\t\t\t\t<\/article>\n\t\t\t<\/div>\n\t\t\t<div class=\"gb-entry gb-entry_5 gb-entry-count_6 gwolle_gb_even gwolle-gb-even\" data-entry_id=\"5\">\n\t\t\t\t<article>\n\t\t\t\t\t<div class=\"gb-author-info\">\n\t\t\t\t\t\t<span class=\"gb-author-avatar\"><img referrerpolicy=\"no-referrer\" alt='Isabel' src='https:\/\/secure.gravatar.com\/avatar\/432ac9ed5472a6120f52b91f36492753e9c53f8fc5911b7816bc43d07c92653d?s=32&#038;d=mm&#038;r=g' srcset='https:\/\/secure.gravatar.com\/avatar\/432ac9ed5472a6120f52b91f36492753e9c53f8fc5911b7816bc43d07c92653d?s=64&#038;d=mm&#038;r=g 2x' class='avatar avatar-32 photo' height='32' width='32' \/><\/span>\n\t\t\t\t\t\t<span class=\"gb-author-name\"><a href=\"https:\/\/www.isabel.com\/vendeur\/bague-diamant\/index.html\" target=\"_blank\" rel=\"nofollow noopener noreferrer\"\n\t\t\t\t\t\t\ttitle=\"Visit the website of Isabel: https:\/\/www.isabel.com\/vendeur\/bague-diamant\/index.html\">Isabel<\/a>\n\t\t\t\t\t\t<\/span>\n\t\t\t\t\t\t<span class=\"gb-datetime\">\n\t\t\t\t\t\t\t<span class=\"gb-date\"><span class=\"gb-date-wrote-text\"> wrote on<\/span><span class=\"gb-date-text\"> 1 septiembre 2015<\/span>\n\t\t\t\t\t\t\t<\/span><span class=\"gb-time\">\n\t\t\t\t\t\t\t\t\t<span class=\"gb-time-at-text\"> at<\/span>\n\t\t\t\t\t\t\t\t\t<span class=\"gb-time-text\"> 13 h 52 min<\/span>\n\t\t\t\t\t\t\t\t<\/span>\n\t\t\t\t\t\t<\/span> \n\t\t\t\t\t<\/div>\n\t\t\t\t\t<div class=\"gb-entry-content\">H\u00f4tel bien situ\u00e9 et bon personnel. Petites chambres, joliment d\u00e9cor\u00e9es et pratiques. A 5 minutes de la plage, parfait !\n\t\t\t\t\t<\/div>\n\t\t\t\t<\/article>\n\t\t\t<\/div>\n\t\t\t<div class=\"gb-entry gb-entry_4 gb-entry-count_7 gwolle_gb_uneven gwolle-gb-uneven\" data-entry_id=\"4\">\n\t\t\t\t<article>\n\t\t\t\t\t<div class=\"gb-author-info\">\n\t\t\t\t\t\t<span class=\"gb-author-avatar\"><img referrerpolicy=\"no-referrer\" alt='Lundeberg' src='https:\/\/secure.gravatar.com\/avatar\/acf31f49b6be95447bd291afa9d10bc25dba0c6be09812d6ac571ac4932d04b8?s=32&#038;d=mm&#038;r=g' srcset='https:\/\/secure.gravatar.com\/avatar\/acf31f49b6be95447bd291afa9d10bc25dba0c6be09812d6ac571ac4932d04b8?s=64&#038;d=mm&#038;r=g 2x' class='avatar avatar-32 photo' height='32' width='32' \/><\/span>\n\t\t\t\t\t\t<span class=\"gb-author-name\">Lundeberg\n\t\t\t\t\t\t<\/span>\n\t\t\t\t\t\t<span class=\"gb-author-origin\">\n\t\t\t\t\t\t\t<span class=\"gb-author-origin-from-text\"> from<\/span>\n\t\t\t\t\t\t\t<span class=\"gb-author-origin-text\"> Viken<\/span>\n\t\t\t\t\t\t<\/span>\n\t\t\t\t\t\t<span class=\"gb-datetime\">\n\t\t\t\t\t\t\t<span class=\"gb-date\"><span class=\"gb-date-wrote-text\"> wrote on<\/span><span class=\"gb-date-text\"> 19 julio 2015<\/span>\n\t\t\t\t\t\t\t<\/span><span class=\"gb-time\">\n\t\t\t\t\t\t\t\t\t<span class=\"gb-time-at-text\"> at<\/span>\n\t\t\t\t\t\t\t\t\t<span class=\"gb-time-text\"> 18 h 32 min<\/span>\n\t\t\t\t\t\t\t\t<\/span>\n\t\t\t\t\t\t<\/span> \n\t\t\t\t\t<\/div>\n\t\t\t\t\t<div class=\"gb-entry-content\">We were a family of three. Very nice and clean hotel with great quiet location close to seafront. The staff very supportive and helping out different needs. Breakfast very nice. Wifi excellent.\n\t\t\t\t\t<\/div>\n\t\t\t\t<\/article>\n\t\t\t<\/div>\n\t\t\t<div class=\"gb-entry gb-entry_3 gb-entry-count_8 gwolle_gb_even gwolle-gb-even\" data-entry_id=\"3\">\n\t\t\t\t<article>\n\t\t\t\t\t<div class=\"gb-author-info\">\n\t\t\t\t\t\t<span class=\"gb-author-avatar\"><img referrerpolicy=\"no-referrer\" alt='FRONTE' src='https:\/\/secure.gravatar.com\/avatar\/2762df1c52d86b8d44f4af93ec028f82c2b84bd5cc652e552c215d9502aa1d08?s=32&#038;d=mm&#038;r=g' srcset='https:\/\/secure.gravatar.com\/avatar\/2762df1c52d86b8d44f4af93ec028f82c2b84bd5cc652e552c215d9502aa1d08?s=64&#038;d=mm&#038;r=g 2x' class='avatar avatar-32 photo' height='32' width='32' \/><\/span>\n\t\t\t\t\t\t<span class=\"gb-author-name\">FRONTE\n\t\t\t\t\t\t<\/span>\n\t\t\t\t\t\t<span class=\"gb-author-origin\">\n\t\t\t\t\t\t\t<span class=\"gb-author-origin-from-text\"> from<\/span>\n\t\t\t\t\t\t\t<span class=\"gb-author-origin-text\"> La Queue Les Yvelines<\/span>\n\t\t\t\t\t\t<\/span>\n\t\t\t\t\t\t<span class=\"gb-datetime\">\n\t\t\t\t\t\t\t<span class=\"gb-date\"><span class=\"gb-date-wrote-text\"> wrote on<\/span><span class=\"gb-date-text\"> 16 julio 2015<\/span>\n\t\t\t\t\t\t\t<\/span><span class=\"gb-time\">\n\t\t\t\t\t\t\t\t\t<span class=\"gb-time-at-text\"> at<\/span>\n\t\t\t\t\t\t\t\t\t<span class=\"gb-time-text\"> 23 h 41 min<\/span>\n\t\t\t\t\t\t\t\t<\/span>\n\t\t\t\t\t\t<\/span> \n\t\t\t\t\t<\/div>\n\t\t\t\t\t<div class=\"gb-entry-content\">Excellent accueil, personnel tr\u00e8s sympathique et serviable\r\nH\u00f4tel tr\u00e8s agr\u00e9able, chambre confortable, propret\u00e9 irr\u00e9prochable \r\nBien situ\u00e9 dans le centre de Biarritz, parking public \u00e0 200 m\r\nExcellent rapport qualit\u00e9 prix, je conseille vivement\r\nPour nous c&#039;\u00e9tait une premi\u00e8re dans la r\u00e9gion, nous y retournerons avec plaisir\r\nJB et Kinou\n\t\t\t\t\t<\/div>\n\t\t\t\t<\/article>\n\t\t\t<\/div>\n\t\t\t<div class=\"gb-entry gb-entry_2 gb-entry-count_9 gwolle_gb_uneven gwolle-gb-uneven\" data-entry_id=\"2\">\n\t\t\t\t<article>\n\t\t\t\t\t<div class=\"gb-author-info\">\n\t\t\t\t\t\t<span class=\"gb-author-avatar\"><img referrerpolicy=\"no-referrer\" alt='MARTINS Sylvie' src='https:\/\/secure.gravatar.com\/avatar\/49d51b1a4e4faa00219a434e7ad0e92ca09eee991bdb95f0c4694062f56763bd?s=32&#038;d=mm&#038;r=g' srcset='https:\/\/secure.gravatar.com\/avatar\/49d51b1a4e4faa00219a434e7ad0e92ca09eee991bdb95f0c4694062f56763bd?s=64&#038;d=mm&#038;r=g 2x' class='avatar avatar-32 photo' height='32' width='32' \/><\/span>\n\t\t\t\t\t\t<span class=\"gb-author-name\">MARTINS Sylvie\n\t\t\t\t\t\t<\/span>\n\t\t\t\t\t\t<span class=\"gb-author-origin\">\n\t\t\t\t\t\t\t<span class=\"gb-author-origin-from-text\"> from<\/span>\n\t\t\t\t\t\t\t<span class=\"gb-author-origin-text\"> NICE<\/span>\n\t\t\t\t\t\t<\/span>\n\t\t\t\t\t\t<span class=\"gb-datetime\">\n\t\t\t\t\t\t\t<span class=\"gb-date\"><span class=\"gb-date-wrote-text\"> wrote on<\/span><span class=\"gb-date-text\"> 10 junio 2015<\/span>\n\t\t\t\t\t\t\t<\/span><span class=\"gb-time\">\n\t\t\t\t\t\t\t\t\t<span class=\"gb-time-at-text\"> at<\/span>\n\t\t\t\t\t\t\t\t\t<span class=\"gb-time-text\"> 18 h 42 min<\/span>\n\t\t\t\t\t\t\t\t<\/span>\n\t\t\t\t\t\t<\/span> \n\t\t\t\t\t<\/div>\n\t\t\t\t\t<div class=\"gb-entry-content\">Cet h\u00f4tel m&#039;a \u00e9t\u00e9 conseill\u00e9 par un ami et je ne regrette pas ce choix.\r\nH\u00f4tel tr\u00e8s agr\u00e9able, chambre impeccable, accueil SUPER sympa avec un large sourire, ce qui est tr\u00e8s plaisant ! Merci Julien......\r\nj&#039;ai d&#039;ailleurs recommand\u00e9 cet \u00e9tablissement \u00e0 mes amis.\r\nSans h\u00e9sitation je reviendrai !!!!\r\n\r\nSylvie\n\t\t\t\t\t<\/div>\n\t\t\t\t<\/article>\n\t\t\t<\/div>\n\t\t\t<\/div><\/div>[\/vc_column_text][\/vc_column][\/vc_row]<\/p>\n<\/div>","protected":false},"excerpt":{"rendered":"<p>[vc_row][vc_column width=\u00bb1\/1&#8243;][vc_column_text][\/vc_column_text][\/vc_column][\/vc_row]<\/p>\n","protected":false},"author":1,"featured_media":0,"parent":0,"menu_order":0,"comment_status":"closed","ping_status":"closed","template":"","meta":{"footnotes":""},"class_list":["post-378","page","type-page","status-publish","hentry"],"_links":{"self":[{"href":"https:\/\/www.hotel-oxo.com\/es\/wp-json\/wp\/v2\/pages\/378","targetHints":{"allow":["GET"]}}],"collection":[{"href":"https:\/\/www.hotel-oxo.com\/es\/wp-json\/wp\/v2\/pages"}],"about":[{"href":"https:\/\/www.hotel-oxo.com\/es\/wp-json\/wp\/v2\/types\/page"}],"author":[{"embeddable":true,"href":"https:\/\/www.hotel-oxo.com\/es\/wp-json\/wp\/v2\/users\/1"}],"replies":[{"embeddable":true,"href":"https:\/\/www.hotel-oxo.com\/es\/wp-json\/wp\/v2\/comments?post=378"}],"version-history":[{"count":1,"href":"https:\/\/www.hotel-oxo.com\/es\/wp-json\/wp\/v2\/pages\/378\/revisions"}],"predecessor-version":[{"id":379,"href":"https:\/\/www.hotel-oxo.com\/es\/wp-json\/wp\/v2\/pages\/378\/revisions\/379"}],"wp:attachment":[{"href":"https:\/\/www.hotel-oxo.com\/es\/wp-json\/wp\/v2\/media?parent=378"}],"curies":[{"name":"wp","href":"https:\/\/api.w.org\/{rel}","templated":true}]}}